{"id":7967,"date":"2024-11-22T11:34:38","date_gmt":"2024-11-22T10:34:38","guid":{"rendered":"https:\/\/www.flying-circus.band\/shop\/uncategorized\/seasons-1997-remastered\/"},"modified":"2025-11-23T07:19:25","modified_gmt":"2025-11-23T06:19:25","slug":"seasons-1997-remastered","status":"publish","type":"product","link":"https:\/\/www.flying-circus.band\/en\/shop\/cd-en\/seasons-1997-remastered\/","title":{"rendered":"Seasons 1997 Remastered"},"content":{"rendered":"<p>Released: 16.09.2022, our debut album in improved sound quality on CD in cardboard sleeve; ideal complement to \u201cSeasons 25\u201d<\/p>\n<p>12 tracks, playing time 1 hour 13 minutes<\/p>\n<p>01. The Jewel City 6:01<br \/>\n02. Footprints in the Sand 4:27<br \/>\n03. In All Ways and Always 9:58<br \/>\n04. Follow the Empress 4:55<br \/>\n05. Seasons 5:57<br \/>\n06. Antigone&#8217;s Lament and Triumph 8:09<br \/>\n07. Let It Be Gone 4:47<br \/>\n08. Interior Monologue 6:13<br \/>\n09. Evening Solace 4:19<br \/>\n10. Supersonic Man 6:45<br \/>\n11. Never Again 11:20<br \/>\n12. The Jewel City &#8230; Reprise 0:48<\/p>\n","protected":false},"excerpt":{"rendered":"<p>Ver\u00f6ffentlicht: 16.09.2022, unser Deb\u00fct-Album in verbesserter Soundqualit\u00e4t auf CD in Kartonstecktasche; ideale Erg\u00e4nzung zu &#8220;Seasons 25&#8221;<\/p>\n<p>12 Titel, Spielzeit 1 Stunde 13 Minuten<\/p>\n","protected":false},"featured_media":7964,"template":"","meta":[],"product_brand":[],"product_cat":[62],"product_tag":[65],"class_list":{"0":"post-7967","1":"product","2":"type-product","3":"status-publish","4":"has-post-thumbnail","6":"product_cat-cd-en","7":"product_tag-seasons-en","8":"sales-flash-overlay","9":"woocommerce-text-align-center","10":"woocommerce-image-align-center","11":"do-quantity-buttons","13":"first","14":"instock","15":"taxable","16":"shipping-taxable","17":"purchasable","18":"product-type-simple"},"_links":{"self":[{"href":"https:\/\/www.flying-circus.band\/en\/wp-json\/wp\/v2\/product\/7967","targetHints":{"allow":["GET"]}}],"collection":[{"href":"https:\/\/www.flying-circus.band\/en\/wp-json\/wp\/v2\/product"}],"about":[{"href":"https:\/\/www.flying-circus.band\/en\/wp-json\/wp\/v2\/types\/product"}],"wp:featuredmedia":[{"embeddable":true,"href":"https:\/\/www.flying-circus.band\/en\/wp-json\/wp\/v2\/media\/7964"}],"wp:attachment":[{"href":"https:\/\/www.flying-circus.band\/en\/wp-json\/wp\/v2\/media?parent=7967"}],"wp:term":[{"taxonomy":"product_brand","embeddable":true,"href":"https:\/\/www.flying-circus.band\/en\/wp-json\/wp\/v2\/product_brand?post=7967"},{"taxonomy":"product_cat","embeddable":true,"href":"https:\/\/www.flying-circus.band\/en\/wp-json\/wp\/v2\/product_cat?post=7967"},{"taxonomy":"product_tag","embeddable":true,"href":"https:\/\/www.flying-circus.band\/en\/wp-json\/wp\/v2\/product_tag?post=7967"}],"curies":[{"name":"wp","href":"https:\/\/api.w.org\/{rel}","templated":true}]}}